{"id":1580,"date":"2023-11-03T12:49:23","date_gmt":"2023-11-03T11:49:23","guid":{"rendered":"https:\/\/mystic.com.al\/?page_id=1580"},"modified":"2025-02-25T16:51:16","modified_gmt":"2025-02-25T15:51:16","slug":"blog","status":"publish","type":"page","link":"https:\/\/mystic.com.al\/sq\/blog\/","title":{"rendered":"Blog"},"content":{"rendered":"\t\t<div data-elementor-type=\"wp-page\" data-elementor-id=\"1580\" class=\"elementor elementor-1580 elementor-391\" data-elementor-post-type=\"page\">\n\t\t\t\t<div class=\"elementor-element elementor-element-76be193 e-flex e-con-boxed e-con e-parent\" data-id=\"76be193\" data-element_type=\"container\" data-settings=\"{&quot;background_background&quot;:&quot;classic&quot;}\">\n\t\t\t\t\t<div class=\"e-con-inner\">\n\t\t<div class=\"elementor-element elementor-element-9783c08 e-con-full elementor-hidden-mobile e-flex e-con e-child\" data-id=\"9783c08\" data-element_type=\"container\">\n\t\t\t\t<\/div>\n\t\t<div class=\"elementor-element elementor-element-b13548a e-con-full e-flex e-con e-child\" data-id=\"b13548a\" data-element_type=\"container\">\n\t\t\t\t<div class=\"elementor-element elementor-element-93227b6 elementor-widget elementor-widget-heading\" data-id=\"93227b6\" data-element_type=\"widget\" data-widget_type=\"heading.default\">\n\t\t\t\t<div class=\"elementor-widget-container\">\n\t\t\t\t\t<h2 class=\"elementor-heading-title elementor-size-default\">Blog<\/h2>\t\t\t\t<\/div>\n\t\t\t\t<\/div>\n\t\t\t\t<div class=\"elementor-element elementor-element-a390950 elementor-widget elementor-widget-text-editor\" data-id=\"a390950\" data-element_type=\"widget\" data-widget_type=\"text-editor.default\">\n\t\t\t\t<div class=\"elementor-widget-container\">\n\t\t\t\t\t\t\t\t\t<p>Artikujt m\u00eb t\u00eb fundit nga MYSTIC, lexoni dhe informohuni p\u00ebr gjith\u00e7ka q\u00eb lidhet me artin e gatimit etj.<\/p>\t\t\t\t\t\t\t\t<\/div>\n\t\t\t\t<\/div>\n\t\t\t\t<\/div>\n\t\t\t\t\t<\/div>\n\t\t\t\t<\/div>\n\t\t<div class=\"elementor-element elementor-element-0c68106 e-flex e-con-boxed e-con e-parent\" data-id=\"0c68106\" data-element_type=\"container\">\n\t\t\t\t\t<div class=\"e-con-inner\">\n\t\t\t\t<div class=\"elementor-element elementor-element-96c42e4 elementor-grid-3 elementor-grid-tablet-2 elementor-grid-mobile-1 elementor-widget elementor-widget-loop-grid\" data-id=\"96c42e4\" data-element_type=\"widget\" data-settings=\"{&quot;template_id&quot;:1585,&quot;_skin&quot;:&quot;post&quot;,&quot;columns&quot;:&quot;3&quot;,&quot;columns_tablet&quot;:&quot;2&quot;,&quot;columns_mobile&quot;:&quot;1&quot;,&quot;edit_handle_selector&quot;:&quot;[data-elementor-type=\\&quot;loop-item\\&quot;]&quot;,&quot;row_gap&quot;:{&quot;unit&quot;:&quot;px&quot;,&quot;size&quot;:&quot;&quot;,&quot;sizes&quot;:[]},&quot;row_gap_tablet&quot;:{&quot;unit&quot;:&quot;px&quot;,&quot;size&quot;:&quot;&quot;,&quot;sizes&quot;:[]},&quot;row_gap_mobile&quot;:{&quot;unit&quot;:&quot;px&quot;,&quot;size&quot;:&quot;&quot;,&quot;sizes&quot;:[]}}\" data-widget_type=\"loop-grid.post\">\n\t\t\t\t<div class=\"elementor-widget-container\">\n\t\t\t\t\t\t\t<div class=\"elementor-loop-container elementor-grid\">\n\t\t<style id=\"loop-dynamic-1585\">.e-loop-item-1609 .elementor-element.elementor-element-b4d71ce:not(.elementor-motion-effects-element-type-background), .e-loop-item-1609 .elementor-element.elementor-element-b4d71ce > .elementor-motion-effects-container > .elementor-motion-effects-layer{background-image:url(\"https:\/\/mystic.com.al\/wp-content\/uploads\/2023\/11\/image-4.png\");}<\/style><style id=\"loop-1585\">.elementor-1585 .elementor-element.elementor-element-b4d71ce{--display:flex;--min-height:256px;--border-radius:15px 15px 15px 15px;--margin-top:0px;--margin-bottom:0px;--margin-left:0px;--margin-right:0px;--padding-top:16px;--padding-bottom:16px;--padding-left:16px;--padding-right:16px;}.elementor-1585 .elementor-element.elementor-element-b4d71ce:not(.elementor-motion-effects-element-type-background), .elementor-1585 .elementor-element.elementor-element-b4d71ce > .elementor-motion-effects-container > .elementor-motion-effects-layer{background-position:center center;background-repeat:no-repeat;background-size:cover;}.elementor-widget-theme-post-title .elementor-heading-title{font-family:var( --e-global-typography-primary-font-family ), Sans-serif;font-weight:var( --e-global-typography-primary-font-weight );color:var( --e-global-color-primary );}.elementor-1585 .elementor-element.elementor-element-3e7c8a8 > .elementor-widget-container{background-color:#E3E3E3;margin:0px 0px 0px 0px;padding:10px 10px 10px 10px;border-radius:15px 15px 15px 15px;}.elementor-1585 .elementor-element.elementor-element-3e7c8a8 .elementor-heading-title{font-family:\"Josefin Sans\", Sans-serif;font-size:16px;font-weight:600;line-height:24px;color:#000000;}\/* Start custom CSS for theme-post-title, class: .elementor-element-3e7c8a8 *\/div.elementor-widget-container .postime{\r\n width:100%;\r\n overflow: clip;\r\n height: 2.34rem;\r\n}\/* End custom CSS *\/<\/style>\t\t<div data-elementor-type=\"loop-item\" data-elementor-id=\"1585\" class=\"elementor elementor-1585 elementor-396 e-loop-item e-loop-item-1609 post-1609 post type-post status-publish format-standard has-post-thumbnail hentry category-blog\" data-elementor-post-type=\"elementor_library\" data-custom-edit-handle=\"1\">\n\t\t\t<a class=\"eael-wrapper-link-b4d71ce --eael-wrapper-link-tag\" href=\"https:\/\/mystic.com.al\/sq\/shija-dhe-specialitetet-e-restorantit-te-peshkut-ne-tirane\/\"><\/a><div data-eael-wrapper-link=\"eael-wrapper-link-b4d71ce\" class=\"elementor-element elementor-element-b4d71ce e-flex e-con-boxed e-con e-parent\" data-id=\"b4d71ce\" data-element_type=\"container\" data-settings=\"{&quot;background_background&quot;:&quot;classic&quot;}\">\n\t\t\t\t\t<div class=\"e-con-inner\">\n\t\t\t\t<div class=\"elementor-element elementor-element-3e7c8a8 postime elementor-widget elementor-widget-theme-post-title elementor-page-title elementor-widget-heading\" data-id=\"3e7c8a8\" data-element_type=\"widget\" id=\"postime\" data-widget_type=\"theme-post-title.default\">\n\t\t\t\t<div class=\"elementor-widget-container\">\n\t\t\t\t\t<h2 class=\"elementor-heading-title elementor-size-default\"><a href=\"https:\/\/mystic.com.al\/sq\/shija-dhe-specialitetet-e-restorantit-te-peshkut-ne-tirane\/\">Shija dhe specialitetet e restorantit t\u00eb peshkut n\u00eb Tiran\u00eb<\/a><\/h2>\t\t\t\t<\/div>\n\t\t\t\t<\/div>\n\t\t\t\t\t<\/div>\n\t\t\t\t<\/div>\n\t\t\t\t<\/div>\n\t\t<style id=\"loop-dynamic-1585\">.e-loop-item-1611 .elementor-element.elementor-element-b4d71ce:not(.elementor-motion-effects-element-type-background), .e-loop-item-1611 .elementor-element.elementor-element-b4d71ce > .elementor-motion-effects-container > .elementor-motion-effects-layer{background-image:url(\"https:\/\/mystic.com.al\/wp-content\/uploads\/2023\/11\/image-3.png\");}<\/style>\t\t<div data-elementor-type=\"loop-item\" data-elementor-id=\"1585\" class=\"elementor elementor-1585 elementor-396 e-loop-item e-loop-item-1611 post-1611 post type-post status-publish format-standard has-post-thumbnail hentry category-blog\" data-elementor-post-type=\"elementor_library\" data-custom-edit-handle=\"1\">\n\t\t\t<a class=\"eael-wrapper-link-b4d71ce --eael-wrapper-link-tag\" href=\"https:\/\/mystic.com.al\/sq\/sallata-rockola-te-mystic-restaurant-nje-freski-nga-kuzhina-jone-ne-pjaten-tuaj\/\"><\/a><div data-eael-wrapper-link=\"eael-wrapper-link-b4d71ce\" class=\"elementor-element elementor-element-b4d71ce e-flex e-con-boxed e-con e-parent\" data-id=\"b4d71ce\" data-element_type=\"container\" data-settings=\"{&quot;background_background&quot;:&quot;classic&quot;}\">\n\t\t\t\t\t<div class=\"e-con-inner\">\n\t\t\t\t<div class=\"elementor-element elementor-element-3e7c8a8 postime elementor-widget elementor-widget-theme-post-title elementor-page-title elementor-widget-heading\" data-id=\"3e7c8a8\" data-element_type=\"widget\" id=\"postime\" data-widget_type=\"theme-post-title.default\">\n\t\t\t\t<div class=\"elementor-widget-container\">\n\t\t\t\t\t<h2 class=\"elementor-heading-title elementor-size-default\"><a href=\"https:\/\/mystic.com.al\/sq\/sallata-rockola-te-mystic-restaurant-nje-freski-nga-kuzhina-jone-ne-pjaten-tuaj\/\">Sallata Rockola te Mystic Restaurant: Nj\u00eb freski nga Kuzhina Jon\u00eb n\u00eb Pjat\u00ebn Tuaj<\/a><\/h2>\t\t\t\t<\/div>\n\t\t\t\t<\/div>\n\t\t\t\t\t<\/div>\n\t\t\t\t<\/div>\n\t\t\t\t<\/div>\n\t\t<style id=\"loop-dynamic-1585\">.e-loop-item-1636 .elementor-element.elementor-element-b4d71ce:not(.elementor-motion-effects-element-type-background), .e-loop-item-1636 .elementor-element.elementor-element-b4d71ce > .elementor-motion-effects-container > .elementor-motion-effects-layer{background-image:url(\"https:\/\/mystic.com.al\/wp-content\/uploads\/2023\/11\/image-2.png\");}<\/style>\t\t<div data-elementor-type=\"loop-item\" data-elementor-id=\"1585\" class=\"elementor elementor-1585 elementor-396 e-loop-item e-loop-item-1636 post-1636 post type-post status-publish format-standard has-post-thumbnail hentry category-blog\" data-elementor-post-type=\"elementor_library\" data-custom-edit-handle=\"1\">\n\t\t\t<a class=\"eael-wrapper-link-b4d71ce --eael-wrapper-link-tag\" href=\"https:\/\/mystic.com.al\/sq\/restorant-ne-tirane-udhezuesi-per-ata-qe-dashurojne-ushqimin\/\"><\/a><div data-eael-wrapper-link=\"eael-wrapper-link-b4d71ce\" class=\"elementor-element elementor-element-b4d71ce e-flex e-con-boxed e-con e-parent\" data-id=\"b4d71ce\" data-element_type=\"container\" data-settings=\"{&quot;background_background&quot;:&quot;classic&quot;}\">\n\t\t\t\t\t<div class=\"e-con-inner\">\n\t\t\t\t<div class=\"elementor-element elementor-element-3e7c8a8 postime elementor-widget elementor-widget-theme-post-title elementor-page-title elementor-widget-heading\" data-id=\"3e7c8a8\" data-element_type=\"widget\" id=\"postime\" data-widget_type=\"theme-post-title.default\">\n\t\t\t\t<div class=\"elementor-widget-container\">\n\t\t\t\t\t<h2 class=\"elementor-heading-title elementor-size-default\"><a href=\"https:\/\/mystic.com.al\/sq\/restorant-ne-tirane-udhezuesi-per-ata-qe-dashurojne-ushqimin\/\">Restorant n\u00eb Tiran\u00eb: Udh\u00ebzuesi p\u00ebr Ata q\u00eb Dashurojn\u00eb Ushqimin<\/a><\/h2>\t\t\t\t<\/div>\n\t\t\t\t<\/div>\n\t\t\t\t\t<\/div>\n\t\t\t\t<\/div>\n\t\t\t\t<\/div>\n\t\t<style id=\"loop-dynamic-1585\">.e-loop-item-1638 .elementor-element.elementor-element-b4d71ce:not(.elementor-motion-effects-element-type-background), .e-loop-item-1638 .elementor-element.elementor-element-b4d71ce > .elementor-motion-effects-container > .elementor-motion-effects-layer{background-image:url(\"https:\/\/mystic.com.al\/wp-content\/uploads\/2023\/11\/image-1.png\");}<\/style>\t\t<div data-elementor-type=\"loop-item\" data-elementor-id=\"1585\" class=\"elementor elementor-1585 elementor-396 e-loop-item e-loop-item-1638 post-1638 post type-post status-publish format-standard has-post-thumbnail hentry category-blog\" data-elementor-post-type=\"elementor_library\" data-custom-edit-handle=\"1\">\n\t\t\t<a class=\"eael-wrapper-link-b4d71ce --eael-wrapper-link-tag\" href=\"https:\/\/mystic.com.al\/sq\/shija-e-rafinuar-e-mix-crudo-nje-shkrirje-e-shijeve-te-fresketa-ne-mystic-restaurant\/\"><\/a><div data-eael-wrapper-link=\"eael-wrapper-link-b4d71ce\" class=\"elementor-element elementor-element-b4d71ce e-flex e-con-boxed e-con e-parent\" data-id=\"b4d71ce\" data-element_type=\"container\" data-settings=\"{&quot;background_background&quot;:&quot;classic&quot;}\">\n\t\t\t\t\t<div class=\"e-con-inner\">\n\t\t\t\t<div class=\"elementor-element elementor-element-3e7c8a8 postime elementor-widget elementor-widget-theme-post-title elementor-page-title elementor-widget-heading\" data-id=\"3e7c8a8\" data-element_type=\"widget\" id=\"postime\" data-widget_type=\"theme-post-title.default\">\n\t\t\t\t<div class=\"elementor-widget-container\">\n\t\t\t\t\t<h2 class=\"elementor-heading-title elementor-size-default\"><a href=\"https:\/\/mystic.com.al\/sq\/shija-e-rafinuar-e-mix-crudo-nje-shkrirje-e-shijeve-te-fresketa-ne-mystic-restaurant\/\">Shija e Rafinuar e Mix Crudo: Nj\u00eb Shkrirje e Shijeve t\u00eb Fresk\u00ebta n\u00eb Mystic Restaurant<\/a><\/h2>\t\t\t\t<\/div>\n\t\t\t\t<\/div>\n\t\t\t\t\t<\/div>\n\t\t\t\t<\/div>\n\t\t\t\t<\/div>\n\t\t<style id=\"loop-dynamic-1585\">.e-loop-item-1642 .elementor-element.elementor-element-b4d71ce:not(.elementor-motion-effects-element-type-background), .e-loop-item-1642 .elementor-element.elementor-element-b4d71ce > .elementor-motion-effects-container > .elementor-motion-effects-layer{background-image:url(\"https:\/\/mystic.com.al\/wp-content\/uploads\/2023\/11\/image.png\");}<\/style>\t\t<div data-elementor-type=\"loop-item\" data-elementor-id=\"1585\" class=\"elementor elementor-1585 elementor-396 e-loop-item e-loop-item-1642 post-1642 post type-post status-publish format-standard has-post-thumbnail hentry category-blog\" data-elementor-post-type=\"elementor_library\" data-custom-edit-handle=\"1\">\n\t\t\t<a class=\"eael-wrapper-link-b4d71ce --eael-wrapper-link-tag\" href=\"https:\/\/mystic.com.al\/sq\/supe-peshku-nje-pjate-e-shumellojshme-per-adhuruesit-e-frutave-te-detit\/\"><\/a><div data-eael-wrapper-link=\"eael-wrapper-link-b4d71ce\" class=\"elementor-element elementor-element-b4d71ce e-flex e-con-boxed e-con e-parent\" data-id=\"b4d71ce\" data-element_type=\"container\" data-settings=\"{&quot;background_background&quot;:&quot;classic&quot;}\">\n\t\t\t\t\t<div class=\"e-con-inner\">\n\t\t\t\t<div class=\"elementor-element elementor-element-3e7c8a8 postime elementor-widget elementor-widget-theme-post-title elementor-page-title elementor-widget-heading\" data-id=\"3e7c8a8\" data-element_type=\"widget\" id=\"postime\" data-widget_type=\"theme-post-title.default\">\n\t\t\t\t<div class=\"elementor-widget-container\">\n\t\t\t\t\t<h2 class=\"elementor-heading-title elementor-size-default\"><a href=\"https:\/\/mystic.com.al\/sq\/supe-peshku-nje-pjate-e-shumellojshme-per-adhuruesit-e-frutave-te-detit\/\">Sup\u00eb Peshku: Nj\u00eb Pjat\u00eb e Shum\u00ebllojshme p\u00ebr Adhuruesit e Frutave t\u00eb Detit<\/a><\/h2>\t\t\t\t<\/div>\n\t\t\t\t<\/div>\n\t\t\t\t\t<\/div>\n\t\t\t\t<\/div>\n\t\t\t\t<\/div>\n\t\t\t\t<\/div>\n\t\t\n\t\t\t\t\t\t<\/div>\n\t\t\t\t<\/div>\n\t\t\t\t\t<\/div>\n\t\t\t\t<\/div>\n\t\t\t\t<\/div>\n\t\t","protected":false},"excerpt":{"rendered":"<p>Blog Artikujt m\u00eb t\u00eb fundit nga MYSTIC, lexoni dhe informohuni p\u00ebr gjith\u00e7ka q\u00eb lidhet me artin e gatimit etj.<\/p>\n","protected":false},"author":1,"featured_media":0,"parent":0,"menu_order":0,"comment_status":"closed","ping_status":"closed","template":"","meta":{"footnotes":""},"class_list":["post-1580","page","type-page","status-publish","hentry"],"_links":{"self":[{"href":"https:\/\/mystic.com.al\/sq\/wp-json\/wp\/v2\/pages\/1580","targetHints":{"allow":["GET"]}}],"collection":[{"href":"https:\/\/mystic.com.al\/sq\/wp-json\/wp\/v2\/pages"}],"about":[{"href":"https:\/\/mystic.com.al\/sq\/wp-json\/wp\/v2\/types\/page"}],"author":[{"embeddable":true,"href":"https:\/\/mystic.com.al\/sq\/wp-json\/wp\/v2\/users\/1"}],"replies":[{"embeddable":true,"href":"https:\/\/mystic.com.al\/sq\/wp-json\/wp\/v2\/comments?post=1580"}],"version-history":[{"count":7,"href":"https:\/\/mystic.com.al\/sq\/wp-json\/wp\/v2\/pages\/1580\/revisions"}],"predecessor-version":[{"id":1589,"href":"https:\/\/mystic.com.al\/sq\/wp-json\/wp\/v2\/pages\/1580\/revisions\/1589"}],"wp:attachment":[{"href":"https:\/\/mystic.com.al\/sq\/wp-json\/wp\/v2\/media?parent=1580"}],"curies":[{"name":"wp","href":"https:\/\/api.w.org\/{rel}","templated":true}]}}